{"id":143,"date":"2024-02-28T12:05:50","date_gmt":"2024-02-28T11:05:50","guid":{"rendered":"https:\/\/karolinamudlo-glagolska.pl\/?page_id=143"},"modified":"2024-04-24T11:15:00","modified_gmt":"2024-04-24T09:15:00","slug":"pomoc-psychologiczna-dla-par","status":"publish","type":"page","link":"https:\/\/karolinamudlo-glagolska.pl\/?page_id=143","title":{"rendered":"Pomoc psychologiczna dla par"},"content":{"rendered":"\n<p class=\"has-small-font-size\">W dzisiejszym zabieganym \u015bwiecie \u0142atwo jest zgubi\u0107 si\u0119 w codzienno\u015bci i zapomnie\u0107 o potrzebach i oczekiwaniach swojego partnera. Terapia par oferuje bezpieczne i wspieraj\u0105ce \u015brodowisko, w kt\u00f3rym mo\u017cecie otwarcie rozmawia\u0107 o waszych uczuciach, potrzebach i wyzwaniach.<br>Kryzysy w zwi\u0105zkach pojawiaj\u0105 si\u0119 na r\u00f3\u017cnym pod\u0142o\u017cu. Niekiedy parom trudno samodzielnie wypracowa\u0107 konsensus i porozumienie w celu \u201enaprawienia\u201d relacji. Okazuje si\u0119, \u017ce czasami wystarczy szczera rozmowa w obecno\u015bci psychologa, aby sobie z tym poradzi\u0107. W uproszczeniu w\u0142a\u015bnie na tym polega terapia par \u2013 na rozmowie i pr\u00f3bie rozwi\u0105zania konfliktu, a zatem mo\u017ce by\u0107 kluczem do budowania zdrowszych i bardziej satysfakcjonuj\u0105cych relacji.<br>D\u0105\u017cenie do lepszych relacji to odwa\u017cny krok ku zdrowszemu i bardziej satysfakcjonuj\u0105cemu\u00a0\u017cyciu\u00a0razem.<\/p>\n\n\n\n<figure class=\"wp-block-image size-large\"><a href=\"https:\/\/karolinamudlo-glagolska.pl\/?page_id=75\"><img fetchpriority=\"high\" decoding=\"async\" width=\"1024\" height=\"145\" src=\"https:\/\/karolinamudlo-glagolska.pl\/wp-content\/uploads\/2024\/04\/UMOW-WIZYTE-M-1024x145.png\" alt=\"\" class=\"wp-image-220\" srcset=\"https:\/\/karolinamudlo-glagolska.pl\/wp-content\/uploads\/2024\/04\/UMOW-WIZYTE-M-1024x145.png 1024w, https:\/\/karolinamudlo-glagolska.pl\/wp-content\/uploads\/2024\/04\/UMOW-WIZYTE-M-300x42.png 300w, https:\/\/karolinamudlo-glagolska.pl\/wp-content\/uploads\/2024\/04\/UMOW-WIZYTE-M-768x109.png 768w, https:\/\/karolinamudlo-glagolska.pl\/wp-content\/uploads\/2024\/04\/UMOW-WIZYTE-M-1536x217.png 1536w, https:\/\/karolinamudlo-glagolska.pl\/wp-content\/uploads\/2024\/04\/UMOW-WIZYTE-M-2048x289.png 2048w\" sizes=\"(max-width: 767px) 89vw, (max-width: 1000px) 54vw, (max-width: 1071px) 543px, 580px\" \/><\/a><\/figure>\n\n\n\n<figure class=\"wp-block-gallery has-nested-images columns-4 is-cropped wp-block-gallery-1 is-layout-flex wp-block-gallery-is-layout-flex\">\n<figure class=\"wp-block-image size-full\"><img decoding=\"async\" width=\"946\" height=\"946\" data-id=\"168\" src=\"https:\/\/karolinamudlo-glagolska.pl\/wp-content\/uploads\/2024\/02\/p2a.png\" alt=\"\" class=\"wp-image-168\" srcset=\"https:\/\/karolinamudlo-glagolska.pl\/wp-content\/uploads\/2024\/02\/p2a.png 946w, https:\/\/karolinamudlo-glagolska.pl\/wp-content\/uploads\/2024\/02\/p2a-300x300.png 300w, https:\/\/karolinamudlo-glagolska.pl\/wp-content\/uploads\/2024\/02\/p2a-150x150.png 150w, https:\/\/karolinamudlo-glagolska.pl\/wp-content\/uploads\/2024\/02\/p2a-768x768.png 768w, https:\/\/karolinamudlo-glagolska.pl\/wp-content\/uploads\/2024\/02\/p2a-100x100.png 100w\" sizes=\"(max-width: 767px) 89vw, (max-width: 1000px) 54vw, (max-width: 1071px) 543px, 580px\" \/><\/figure>\n\n\n\n<figure class=\"wp-block-image size-full\"><img decoding=\"async\" width=\"946\" height=\"946\" data-id=\"169\" src=\"https:\/\/karolinamudlo-glagolska.pl\/wp-content\/uploads\/2024\/02\/p3a.png\" alt=\"\" class=\"wp-image-169\" srcset=\"https:\/\/karolinamudlo-glagolska.pl\/wp-content\/uploads\/2024\/02\/p3a.png 946w, https:\/\/karolinamudlo-glagolska.pl\/wp-content\/uploads\/2024\/02\/p3a-300x300.png 300w, https:\/\/karolinamudlo-glagolska.pl\/wp-content\/uploads\/2024\/02\/p3a-150x150.png 150w, https:\/\/karolinamudlo-glagolska.pl\/wp-content\/uploads\/2024\/02\/p3a-768x768.png 768w, https:\/\/karolinamudlo-glagolska.pl\/wp-content\/uploads\/2024\/02\/p3a-100x100.png 100w\" sizes=\"(max-width: 767px) 89vw, (max-width: 1000px) 54vw, (max-width: 1071px) 543px, 580px\" \/><\/figure>\n\n\n\n<figure class=\"wp-block-image size-full\"><img loading=\"lazy\" decoding=\"async\" width=\"946\" height=\"946\" data-id=\"167\" src=\"https:\/\/karolinamudlo-glagolska.pl\/wp-content\/uploads\/2024\/02\/p1a.png\" alt=\"\" class=\"wp-image-167\" srcset=\"https:\/\/karolinamudlo-glagolska.pl\/wp-content\/uploads\/2024\/02\/p1a.png 946w, https:\/\/karolinamudlo-glagolska.pl\/wp-content\/uploads\/2024\/02\/p1a-300x300.png 300w, https:\/\/karolinamudlo-glagolska.pl\/wp-content\/uploads\/2024\/02\/p1a-150x150.png 150w, https:\/\/karolinamudlo-glagolska.pl\/wp-content\/uploads\/2024\/02\/p1a-768x768.png 768w, https:\/\/karolinamudlo-glagolska.pl\/wp-content\/uploads\/2024\/02\/p1a-100x100.png 100w\" sizes=\"(max-width: 767px) 89vw, (max-width: 1000px) 54vw, (max-width: 1071px) 543px, 580px\" \/><\/figure>\n\n\n\n<figure class=\"wp-block-image size-full\"><img loading=\"lazy\" decoding=\"async\" width=\"946\" height=\"946\" data-id=\"171\" src=\"https:\/\/karolinamudlo-glagolska.pl\/wp-content\/uploads\/2024\/02\/p4a.png\" alt=\"\" class=\"wp-image-171\" srcset=\"https:\/\/karolinamudlo-glagolska.pl\/wp-content\/uploads\/2024\/02\/p4a.png 946w, https:\/\/karolinamudlo-glagolska.pl\/wp-content\/uploads\/2024\/02\/p4a-300x300.png 300w, https:\/\/karolinamudlo-glagolska.pl\/wp-content\/uploads\/2024\/02\/p4a-150x150.png 150w, https:\/\/karolinamudlo-glagolska.pl\/wp-content\/uploads\/2024\/02\/p4a-768x768.png 768w, https:\/\/karolinamudlo-glagolska.pl\/wp-content\/uploads\/2024\/02\/p4a-100x100.png 100w\" sizes=\"(max-width: 767px) 89vw, (max-width: 1000px) 54vw, (max-width: 1071px) 543px, 580px\" \/><\/figure>\n<\/figure>\n","protected":false},"excerpt":{"rendered":"<p>W dzisiejszym zabieganym \u015bwiecie \u0142atwo jest zgubi\u0107 si\u0119 w codzienno\u015bci i zapomnie\u0107 o potrzebach i oczekiwaniach swojego partnera. Terapia par oferuje bezpieczne i wspieraj\u0105ce \u015brodowisko, w kt\u00f3rym mo\u017cecie otwarcie rozmawia\u0107 o waszych uczuciach, potrzebach i wyzwaniach.Kryzysy w zwi\u0105zkach pojawiaj\u0105 si\u0119 na r\u00f3\u017cnym pod\u0142o\u017cu. Niekiedy parom trudno samodzielnie wypracowa\u0107 konsensus i porozumienie w celu \u201enaprawienia\u201d relacji. &hellip; <\/p>\n<p class=\"link-more\"><a href=\"https:\/\/karolinamudlo-glagolska.pl\/?page_id=143\" class=\"more-link\">Continue reading<span class=\"screen-reader-text\"> &#8220;Pomoc psychologiczna dla par&#8221;<\/span><\/a><\/p>\n","protected":false},"author":1,"featured_media":81,"parent":0,"menu_order":0,"comment_status":"closed","ping_status":"closed","template":"","meta":{"footnotes":""},"class_list":["post-143","page","type-page","status-publish","has-post-thumbnail","hentry"],"yoast_head":"<!-- This site is optimized with the Yoast SEO plugin v21.5 - https:\/\/yoast.com\/wordpress\/plugins\/seo\/ -->\n<title>POMOC PSYCHOLOGICZNA DLA PAR<\/title>\n<meta name=\"description\" content=\"W dzisiejszym \u015bwiecie \u0142atwo jest zgubi\u0107 si\u0119 w codzienno\u015bci i zapomnie\u0107 o potrzebach i oczekiwaniach swojego partnera. Terapia par ...\" \/>\n<meta name=\"robots\" content=\"index, follow, max-snippet:-1, max-image-preview:large, max-video-preview:-1\" \/>\n<link rel=\"canonical\" href=\"https:\/\/karolinamudlo-glagolska.pl\/?page_id=143\" \/>\n<meta property=\"og:locale\" content=\"en_US\" \/>\n<meta property=\"og:type\" content=\"article\" \/>\n<meta property=\"og:title\" content=\"POMOC PSYCHOLOGICZNA DLA PAR\" \/>\n<meta property=\"og:description\" content=\"W dzisiejszym \u015bwiecie \u0142atwo jest zgubi\u0107 si\u0119 w codzienno\u015bci i zapomnie\u0107 o potrzebach i oczekiwaniach swojego partnera. Terapia par ...\" \/>\n<meta property=\"og:url\" content=\"https:\/\/karolinamudlo-glagolska.pl\/?page_id=143\" \/>\n<meta property=\"article:modified_time\" content=\"2024-04-24T09:15:00+00:00\" \/>\n<meta property=\"og:image\" content=\"https:\/\/karolinamudlo-glagolska.pl\/wp-content\/uploads\/2023\/11\/Pomoc-Dla-mlodziezy.png\" \/>\n\t<meta property=\"og:image:width\" content=\"1920\" \/>\n\t<meta property=\"og:image:height\" content=\"782\" \/>\n\t<meta property=\"og:image:type\" content=\"image\/png\" \/>\n<meta name=\"twitter:card\" content=\"summary_large_image\" \/>\n<meta name=\"twitter:label1\" content=\"Est. reading time\" \/>\n\t<meta name=\"twitter:data1\" content=\"2 minutes\" \/>\n<script type=\"application\/ld+json\" class=\"yoast-schema-graph\">{\"@context\":\"https:\/\/schema.org\",\"@graph\":[{\"@type\":\"WebPage\",\"@id\":\"https:\/\/karolinamudlo-glagolska.pl\/?page_id=143\",\"url\":\"https:\/\/karolinamudlo-glagolska.pl\/?page_id=143\",\"name\":\"POMOC PSYCHOLOGICZNA DLA PAR\",\"isPartOf\":{\"@id\":\"https:\/\/karolinamudlo-glagolska.pl\/#website\"},\"datePublished\":\"2024-02-28T11:05:50+00:00\",\"dateModified\":\"2024-04-24T09:15:00+00:00\",\"description\":\"W dzisiejszym \u015bwiecie \u0142atwo jest zgubi\u0107 si\u0119 w codzienno\u015bci i zapomnie\u0107 o potrzebach i oczekiwaniach swojego partnera. Terapia par ...\",\"breadcrumb\":{\"@id\":\"https:\/\/karolinamudlo-glagolska.pl\/?page_id=143#breadcrumb\"},\"inLanguage\":\"en-US\",\"potentialAction\":[{\"@type\":\"ReadAction\",\"target\":[\"https:\/\/karolinamudlo-glagolska.pl\/?page_id=143\"]}]},{\"@type\":\"BreadcrumbList\",\"@id\":\"https:\/\/karolinamudlo-glagolska.pl\/?page_id=143#breadcrumb\",\"itemListElement\":[{\"@type\":\"ListItem\",\"position\":1,\"name\":\"Home\",\"item\":\"https:\/\/karolinamudlo-glagolska.pl\/\"},{\"@type\":\"ListItem\",\"position\":2,\"name\":\"Pomoc psychologiczna dla par\"}]},{\"@type\":\"WebSite\",\"@id\":\"https:\/\/karolinamudlo-glagolska.pl\/#website\",\"url\":\"https:\/\/karolinamudlo-glagolska.pl\/\",\"name\":\"\",\"description\":\"\",\"potentialAction\":[{\"@type\":\"SearchAction\",\"target\":{\"@type\":\"EntryPoint\",\"urlTemplate\":\"https:\/\/karolinamudlo-glagolska.pl\/?s={search_term_string}\"},\"query-input\":\"required name=search_term_string\"}],\"inLanguage\":\"en-US\"}]}<\/script>\n<!-- \/ Yoast SEO plugin. -->","yoast_head_json":{"title":"POMOC PSYCHOLOGICZNA DLA PAR","description":"W dzisiejszym \u015bwiecie \u0142atwo jest zgubi\u0107 si\u0119 w codzienno\u015bci i zapomnie\u0107 o potrzebach i oczekiwaniach swojego partnera. Terapia par ...","robots":{"index":"index","follow":"follow","max-snippet":"max-snippet:-1","max-image-preview":"max-image-preview:large","max-video-preview":"max-video-preview:-1"},"canonical":"https:\/\/karolinamudlo-glagolska.pl\/?page_id=143","og_locale":"en_US","og_type":"article","og_title":"POMOC PSYCHOLOGICZNA DLA PAR","og_description":"W dzisiejszym \u015bwiecie \u0142atwo jest zgubi\u0107 si\u0119 w codzienno\u015bci i zapomnie\u0107 o potrzebach i oczekiwaniach swojego partnera. Terapia par ...","og_url":"https:\/\/karolinamudlo-glagolska.pl\/?page_id=143","article_modified_time":"2024-04-24T09:15:00+00:00","og_image":[{"width":1920,"height":782,"url":"https:\/\/karolinamudlo-glagolska.pl\/wp-content\/uploads\/2023\/11\/Pomoc-Dla-mlodziezy.png","type":"image\/png"}],"twitter_card":"summary_large_image","twitter_misc":{"Est. reading time":"2 minutes"},"schema":{"@context":"https:\/\/schema.org","@graph":[{"@type":"WebPage","@id":"https:\/\/karolinamudlo-glagolska.pl\/?page_id=143","url":"https:\/\/karolinamudlo-glagolska.pl\/?page_id=143","name":"POMOC PSYCHOLOGICZNA DLA PAR","isPartOf":{"@id":"https:\/\/karolinamudlo-glagolska.pl\/#website"},"datePublished":"2024-02-28T11:05:50+00:00","dateModified":"2024-04-24T09:15:00+00:00","description":"W dzisiejszym \u015bwiecie \u0142atwo jest zgubi\u0107 si\u0119 w codzienno\u015bci i zapomnie\u0107 o potrzebach i oczekiwaniach swojego partnera. Terapia par ...","breadcrumb":{"@id":"https:\/\/karolinamudlo-glagolska.pl\/?page_id=143#breadcrumb"},"inLanguage":"en-US","potentialAction":[{"@type":"ReadAction","target":["https:\/\/karolinamudlo-glagolska.pl\/?page_id=143"]}]},{"@type":"BreadcrumbList","@id":"https:\/\/karolinamudlo-glagolska.pl\/?page_id=143#breadcrumb","itemListElement":[{"@type":"ListItem","position":1,"name":"Home","item":"https:\/\/karolinamudlo-glagolska.pl\/"},{"@type":"ListItem","position":2,"name":"Pomoc psychologiczna dla par"}]},{"@type":"WebSite","@id":"https:\/\/karolinamudlo-glagolska.pl\/#website","url":"https:\/\/karolinamudlo-glagolska.pl\/","name":"","description":"","potentialAction":[{"@type":"SearchAction","target":{"@type":"EntryPoint","urlTemplate":"https:\/\/karolinamudlo-glagolska.pl\/?s={search_term_string}"},"query-input":"required name=search_term_string"}],"inLanguage":"en-US"}]}},"_links":{"self":[{"href":"https:\/\/karolinamudlo-glagolska.pl\/index.php?rest_route=\/wp\/v2\/pages\/143","targetHints":{"allow":["GET"]}}],"collection":[{"href":"https:\/\/karolinamudlo-glagolska.pl\/index.php?rest_route=\/wp\/v2\/pages"}],"about":[{"href":"https:\/\/karolinamudlo-glagolska.pl\/index.php?rest_route=\/wp\/v2\/types\/page"}],"author":[{"embeddable":true,"href":"https:\/\/karolinamudlo-glagolska.pl\/index.php?rest_route=\/wp\/v2\/users\/1"}],"replies":[{"embeddable":true,"href":"https:\/\/karolinamudlo-glagolska.pl\/index.php?rest_route=%2Fwp%2Fv2%2Fcomments&post=143"}],"version-history":[{"count":6,"href":"https:\/\/karolinamudlo-glagolska.pl\/index.php?rest_route=\/wp\/v2\/pages\/143\/revisions"}],"predecessor-version":[{"id":223,"href":"https:\/\/karolinamudlo-glagolska.pl\/index.php?rest_route=\/wp\/v2\/pages\/143\/revisions\/223"}],"wp:featuredmedia":[{"embeddable":true,"href":"https:\/\/karolinamudlo-glagolska.pl\/index.php?rest_route=\/wp\/v2\/media\/81"}],"wp:attachment":[{"href":"https:\/\/karolinamudlo-glagolska.pl\/index.php?rest_route=%2Fwp%2Fv2%2Fmedia&parent=143"}],"curies":[{"name":"wp","href":"https:\/\/api.w.org\/{rel}","templated":true}]}}