{"id":193,"date":"2024-04-23T16:22:02","date_gmt":"2024-04-23T14:22:02","guid":{"rendered":"https:\/\/karolinamudlo-glagolska.pl\/?page_id=193"},"modified":"2024-04-24T12:07:53","modified_gmt":"2024-04-24T10:07:53","slug":"konsultacje-dla-studentow","status":"publish","type":"page","link":"https:\/\/karolinamudlo-glagolska.pl\/?page_id=193","title":{"rendered":"Konsultacje dla Student\u00f3w"},"content":{"rendered":"\n<p class=\"has-small-font-size\">Konsultacje metodologiczne i statystyczne dla student\u00f3w pedagogiki i psychologii maj\u0105 na celu zapewni\u0107 wsparcie w zrozumieniu i stosowaniu odpowiednich metod badawczych oraz narz\u0119dzi statystycznych w ramach ich bada\u0144 naukowych.<\/p>\n\n\n\n<p class=\"has-small-font-size\">1.&nbsp;&nbsp;&nbsp;&nbsp;&nbsp;&nbsp;&nbsp;&nbsp;&nbsp;&nbsp; Planowanie bada\u0144: Pomoc w formu\u0142owaniu pytania badawczego, projektowaniu badania, dobieraniu odpowiednich metod zbierania danych oraz opracowywaniu planu analizy statystycznej.<\/p>\n\n\n\n<p class=\"has-small-font-size\">2.&nbsp;&nbsp;&nbsp;&nbsp;&nbsp;&nbsp;&nbsp;&nbsp;&nbsp;&nbsp; Analiza danych: Wsparcie w przeprowadzaniu analiz statystycznych odpowiednich dla konkretnego badania, interpretacji wynik\u00f3w oraz wyci\u0105ganiu wniosk\u00f3w na ich podstawie.<\/p>\n\n\n\n<p class=\"has-small-font-size\">3.&nbsp;&nbsp;&nbsp;&nbsp;&nbsp;&nbsp;&nbsp;&nbsp;&nbsp;&nbsp; Wyb\u00f3r narz\u0119dzi i technik: Doradztwo w doborze odpowiednich narz\u0119dzi pomiarowych i technik badawczych, takich jak kwestionariusze, wywiady, obserwacje czy eksperymenty.<\/p>\n\n\n\n<p class=\"has-small-font-size\">4.&nbsp;&nbsp;&nbsp;&nbsp;&nbsp;&nbsp;&nbsp;&nbsp;&nbsp;&nbsp; Interpretacja wynik\u00f3w: Pomoc w zrozumieniu i interpretacji wynik\u00f3w statystycznych oraz ich konsekwencji dla postawionych hipotez&nbsp;badawczych.<\/p>\n\n\n\n<figure class=\"wp-block-image size-large\"><a href=\"https:\/\/karolinamudlo-glagolska.pl\/?page_id=75\"><img fetchpriority=\"high\" decoding=\"async\" width=\"1024\" height=\"145\" src=\"https:\/\/karolinamudlo-glagolska.pl\/wp-content\/uploads\/2024\/04\/UMOW-WIZYTE-M-1024x145.png\" alt=\"\" class=\"wp-image-220\" srcset=\"https:\/\/karolinamudlo-glagolska.pl\/wp-content\/uploads\/2024\/04\/UMOW-WIZYTE-M-1024x145.png 1024w, https:\/\/karolinamudlo-glagolska.pl\/wp-content\/uploads\/2024\/04\/UMOW-WIZYTE-M-300x42.png 300w, https:\/\/karolinamudlo-glagolska.pl\/wp-content\/uploads\/2024\/04\/UMOW-WIZYTE-M-768x109.png 768w, https:\/\/karolinamudlo-glagolska.pl\/wp-content\/uploads\/2024\/04\/UMOW-WIZYTE-M-1536x217.png 1536w, https:\/\/karolinamudlo-glagolska.pl\/wp-content\/uploads\/2024\/04\/UMOW-WIZYTE-M-2048x289.png 2048w\" sizes=\"(max-width: 767px) 89vw, (max-width: 1000px) 54vw, (max-width: 1071px) 543px, 580px\" \/><\/a><\/figure>\n\n\n\n<figure class=\"wp-block-gallery has-nested-images columns-4 is-cropped wp-block-gallery-1 is-layout-flex wp-block-gallery-is-layout-flex\">\n<figure class=\"wp-block-image size-full\"><img decoding=\"async\" width=\"755\" height=\"756\" data-id=\"211\" src=\"https:\/\/karolinamudlo-glagolska.pl\/wp-content\/uploads\/2024\/04\/Dla-Studenta-4.png\" alt=\"\" class=\"wp-image-211\" srcset=\"https:\/\/karolinamudlo-glagolska.pl\/wp-content\/uploads\/2024\/04\/Dla-Studenta-4.png 755w, https:\/\/karolinamudlo-glagolska.pl\/wp-content\/uploads\/2024\/04\/Dla-Studenta-4-300x300.png 300w, https:\/\/karolinamudlo-glagolska.pl\/wp-content\/uploads\/2024\/04\/Dla-Studenta-4-150x150.png 150w, https:\/\/karolinamudlo-glagolska.pl\/wp-content\/uploads\/2024\/04\/Dla-Studenta-4-100x100.png 100w\" sizes=\"(max-width: 706px) 89vw, (max-width: 767px) 82vw, 740px\" \/><\/figure>\n\n\n\n<figure class=\"wp-block-image size-full\"><img decoding=\"async\" width=\"756\" height=\"756\" data-id=\"208\" src=\"https:\/\/karolinamudlo-glagolska.pl\/wp-content\/uploads\/2024\/04\/Dla-Studenta-1.png\" alt=\"\" class=\"wp-image-208\" srcset=\"https:\/\/karolinamudlo-glagolska.pl\/wp-content\/uploads\/2024\/04\/Dla-Studenta-1.png 756w, https:\/\/karolinamudlo-glagolska.pl\/wp-content\/uploads\/2024\/04\/Dla-Studenta-1-300x300.png 300w, https:\/\/karolinamudlo-glagolska.pl\/wp-content\/uploads\/2024\/04\/Dla-Studenta-1-150x150.png 150w, https:\/\/karolinamudlo-glagolska.pl\/wp-content\/uploads\/2024\/04\/Dla-Studenta-1-100x100.png 100w\" sizes=\"(max-width: 706px) 89vw, (max-width: 767px) 82vw, 740px\" \/><\/figure>\n\n\n\n<figure class=\"wp-block-image size-full\"><img loading=\"lazy\" decoding=\"async\" width=\"760\" height=\"762\" data-id=\"209\" src=\"https:\/\/karolinamudlo-glagolska.pl\/wp-content\/uploads\/2024\/04\/Dla-Studenta-2.png\" alt=\"\" class=\"wp-image-209\" srcset=\"https:\/\/karolinamudlo-glagolska.pl\/wp-content\/uploads\/2024\/04\/Dla-Studenta-2.png 760w, https:\/\/karolinamudlo-glagolska.pl\/wp-content\/uploads\/2024\/04\/Dla-Studenta-2-300x300.png 300w, https:\/\/karolinamudlo-glagolska.pl\/wp-content\/uploads\/2024\/04\/Dla-Studenta-2-150x150.png 150w, https:\/\/karolinamudlo-glagolska.pl\/wp-content\/uploads\/2024\/04\/Dla-Studenta-2-100x100.png 100w\" sizes=\"(max-width: 706px) 89vw, (max-width: 767px) 82vw, 740px\" \/><\/figure>\n\n\n\n<figure class=\"wp-block-image size-full\"><img loading=\"lazy\" decoding=\"async\" width=\"756\" height=\"756\" data-id=\"210\" src=\"https:\/\/karolinamudlo-glagolska.pl\/wp-content\/uploads\/2024\/04\/Dla-Studenta-3.png\" alt=\"\" class=\"wp-image-210\" srcset=\"https:\/\/karolinamudlo-glagolska.pl\/wp-content\/uploads\/2024\/04\/Dla-Studenta-3.png 756w, https:\/\/karolinamudlo-glagolska.pl\/wp-content\/uploads\/2024\/04\/Dla-Studenta-3-300x300.png 300w, https:\/\/karolinamudlo-glagolska.pl\/wp-content\/uploads\/2024\/04\/Dla-Studenta-3-150x150.png 150w, https:\/\/karolinamudlo-glagolska.pl\/wp-content\/uploads\/2024\/04\/Dla-Studenta-3-100x100.png 100w\" sizes=\"(max-width: 706px) 89vw, (max-width: 767px) 82vw, 740px\" \/><\/figure>\n<\/figure>\n","protected":false},"excerpt":{"rendered":"<p>Konsultacje metodologiczne i statystyczne dla student\u00f3w pedagogiki i psychologii maj\u0105 na celu zapewni\u0107 wsparcie w zrozumieniu i stosowaniu odpowiednich metod badawczych oraz narz\u0119dzi statystycznych w ramach ich bada\u0144 naukowych. 1.&nbsp;&nbsp;&nbsp;&nbsp;&nbsp;&nbsp;&nbsp;&nbsp;&nbsp;&nbsp; Planowanie bada\u0144: Pomoc w formu\u0142owaniu pytania badawczego, projektowaniu badania, dobieraniu odpowiednich metod zbierania danych oraz opracowywaniu planu analizy statystycznej. 2.&nbsp;&nbsp;&nbsp;&nbsp;&nbsp;&nbsp;&nbsp;&nbsp;&nbsp;&nbsp; Analiza danych: Wsparcie w przeprowadzaniu &hellip; <\/p>\n<p class=\"link-more\"><a href=\"https:\/\/karolinamudlo-glagolska.pl\/?page_id=193\" class=\"more-link\">Continue reading<span class=\"screen-reader-text\"> &#8220;Konsultacje dla Student\u00f3w&#8221;<\/span><\/a><\/p>\n","protected":false},"author":1,"featured_media":207,"parent":0,"menu_order":0,"comment_status":"closed","ping_status":"closed","template":"","meta":{"footnotes":""},"class_list":["post-193","page","type-page","status-publish","has-post-thumbnail","hentry"],"yoast_head":"<!-- This site is optimized with the Yoast SEO plugin v21.5 - https:\/\/yoast.com\/wordpress\/plugins\/seo\/ -->\n<title>KONSULTACJE DLA STUDENT\u00d3W -<\/title>\n<meta name=\"description\" content=\"Konsultacje metodologiczne i statystyczne dla student\u00f3w pedagogiki i psychologii maj\u0105 na celu zapewni\u0107 wsparcie w zrozumieniu i stosowaniu...\" \/>\n<meta name=\"robots\" content=\"index, follow, max-snippet:-1, max-image-preview:large, max-video-preview:-1\" \/>\n<link rel=\"canonical\" href=\"https:\/\/karolinamudlo-glagolska.pl\/?page_id=193\" \/>\n<meta property=\"og:locale\" content=\"en_US\" \/>\n<meta property=\"og:type\" content=\"article\" \/>\n<meta property=\"og:title\" content=\"KONSULTACJE DLA STUDENT\u00d3W -\" \/>\n<meta property=\"og:description\" content=\"Konsultacje metodologiczne i statystyczne dla student\u00f3w pedagogiki i psychologii maj\u0105 na celu zapewni\u0107 wsparcie w zrozumieniu i stosowaniu...\" \/>\n<meta property=\"og:url\" content=\"https:\/\/karolinamudlo-glagolska.pl\/?page_id=193\" \/>\n<meta property=\"article:modified_time\" content=\"2024-04-24T10:07:53+00:00\" \/>\n<meta property=\"og:image\" content=\"https:\/\/karolinamudlo-glagolska.pl\/wp-content\/uploads\/2024\/04\/Dla-Studenta-1024x418.png\" \/>\n\t<meta property=\"og:image:width\" content=\"1024\" \/>\n\t<meta property=\"og:image:height\" content=\"418\" \/>\n\t<meta property=\"og:image:type\" content=\"image\/png\" \/>\n<meta name=\"twitter:card\" content=\"summary_large_image\" \/>\n<meta name=\"twitter:label1\" content=\"Est. reading time\" \/>\n\t<meta name=\"twitter:data1\" content=\"2 minutes\" \/>\n<script type=\"application\/ld+json\" class=\"yoast-schema-graph\">{\"@context\":\"https:\/\/schema.org\",\"@graph\":[{\"@type\":\"WebPage\",\"@id\":\"https:\/\/karolinamudlo-glagolska.pl\/?page_id=193\",\"url\":\"https:\/\/karolinamudlo-glagolska.pl\/?page_id=193\",\"name\":\"KONSULTACJE DLA STUDENT\u00d3W -\",\"isPartOf\":{\"@id\":\"https:\/\/karolinamudlo-glagolska.pl\/#website\"},\"datePublished\":\"2024-04-23T14:22:02+00:00\",\"dateModified\":\"2024-04-24T10:07:53+00:00\",\"description\":\"Konsultacje metodologiczne i statystyczne dla student\u00f3w pedagogiki i psychologii maj\u0105 na celu zapewni\u0107 wsparcie w zrozumieniu i stosowaniu...\",\"breadcrumb\":{\"@id\":\"https:\/\/karolinamudlo-glagolska.pl\/?page_id=193#breadcrumb\"},\"inLanguage\":\"en-US\",\"potentialAction\":[{\"@type\":\"ReadAction\",\"target\":[\"https:\/\/karolinamudlo-glagolska.pl\/?page_id=193\"]}]},{\"@type\":\"BreadcrumbList\",\"@id\":\"https:\/\/karolinamudlo-glagolska.pl\/?page_id=193#breadcrumb\",\"itemListElement\":[{\"@type\":\"ListItem\",\"position\":1,\"name\":\"Home\",\"item\":\"https:\/\/karolinamudlo-glagolska.pl\/\"},{\"@type\":\"ListItem\",\"position\":2,\"name\":\"Konsultacje dla Student\u00f3w\"}]},{\"@type\":\"WebSite\",\"@id\":\"https:\/\/karolinamudlo-glagolska.pl\/#website\",\"url\":\"https:\/\/karolinamudlo-glagolska.pl\/\",\"name\":\"\",\"description\":\"\",\"potentialAction\":[{\"@type\":\"SearchAction\",\"target\":{\"@type\":\"EntryPoint\",\"urlTemplate\":\"https:\/\/karolinamudlo-glagolska.pl\/?s={search_term_string}\"},\"query-input\":\"required name=search_term_string\"}],\"inLanguage\":\"en-US\"}]}<\/script>\n<!-- \/ Yoast SEO plugin. -->","yoast_head_json":{"title":"KONSULTACJE DLA STUDENT\u00d3W -","description":"Konsultacje metodologiczne i statystyczne dla student\u00f3w pedagogiki i psychologii maj\u0105 na celu zapewni\u0107 wsparcie w zrozumieniu i stosowaniu...","robots":{"index":"index","follow":"follow","max-snippet":"max-snippet:-1","max-image-preview":"max-image-preview:large","max-video-preview":"max-video-preview:-1"},"canonical":"https:\/\/karolinamudlo-glagolska.pl\/?page_id=193","og_locale":"en_US","og_type":"article","og_title":"KONSULTACJE DLA STUDENT\u00d3W -","og_description":"Konsultacje metodologiczne i statystyczne dla student\u00f3w pedagogiki i psychologii maj\u0105 na celu zapewni\u0107 wsparcie w zrozumieniu i stosowaniu...","og_url":"https:\/\/karolinamudlo-glagolska.pl\/?page_id=193","article_modified_time":"2024-04-24T10:07:53+00:00","og_image":[{"width":1024,"height":418,"url":"https:\/\/karolinamudlo-glagolska.pl\/wp-content\/uploads\/2024\/04\/Dla-Studenta-1024x418.png","type":"image\/png"}],"twitter_card":"summary_large_image","twitter_misc":{"Est. reading time":"2 minutes"},"schema":{"@context":"https:\/\/schema.org","@graph":[{"@type":"WebPage","@id":"https:\/\/karolinamudlo-glagolska.pl\/?page_id=193","url":"https:\/\/karolinamudlo-glagolska.pl\/?page_id=193","name":"KONSULTACJE DLA STUDENT\u00d3W -","isPartOf":{"@id":"https:\/\/karolinamudlo-glagolska.pl\/#website"},"datePublished":"2024-04-23T14:22:02+00:00","dateModified":"2024-04-24T10:07:53+00:00","description":"Konsultacje metodologiczne i statystyczne dla student\u00f3w pedagogiki i psychologii maj\u0105 na celu zapewni\u0107 wsparcie w zrozumieniu i stosowaniu...","breadcrumb":{"@id":"https:\/\/karolinamudlo-glagolska.pl\/?page_id=193#breadcrumb"},"inLanguage":"en-US","potentialAction":[{"@type":"ReadAction","target":["https:\/\/karolinamudlo-glagolska.pl\/?page_id=193"]}]},{"@type":"BreadcrumbList","@id":"https:\/\/karolinamudlo-glagolska.pl\/?page_id=193#breadcrumb","itemListElement":[{"@type":"ListItem","position":1,"name":"Home","item":"https:\/\/karolinamudlo-glagolska.pl\/"},{"@type":"ListItem","position":2,"name":"Konsultacje dla Student\u00f3w"}]},{"@type":"WebSite","@id":"https:\/\/karolinamudlo-glagolska.pl\/#website","url":"https:\/\/karolinamudlo-glagolska.pl\/","name":"","description":"","potentialAction":[{"@type":"SearchAction","target":{"@type":"EntryPoint","urlTemplate":"https:\/\/karolinamudlo-glagolska.pl\/?s={search_term_string}"},"query-input":"required name=search_term_string"}],"inLanguage":"en-US"}]}},"_links":{"self":[{"href":"https:\/\/karolinamudlo-glagolska.pl\/index.php?rest_route=\/wp\/v2\/pages\/193","targetHints":{"allow":["GET"]}}],"collection":[{"href":"https:\/\/karolinamudlo-glagolska.pl\/index.php?rest_route=\/wp\/v2\/pages"}],"about":[{"href":"https:\/\/karolinamudlo-glagolska.pl\/index.php?rest_route=\/wp\/v2\/types\/page"}],"author":[{"embeddable":true,"href":"https:\/\/karolinamudlo-glagolska.pl\/index.php?rest_route=\/wp\/v2\/users\/1"}],"replies":[{"embeddable":true,"href":"https:\/\/karolinamudlo-glagolska.pl\/index.php?rest_route=%2Fwp%2Fv2%2Fcomments&post=193"}],"version-history":[{"count":6,"href":"https:\/\/karolinamudlo-glagolska.pl\/index.php?rest_route=\/wp\/v2\/pages\/193\/revisions"}],"predecessor-version":[{"id":236,"href":"https:\/\/karolinamudlo-glagolska.pl\/index.php?rest_route=\/wp\/v2\/pages\/193\/revisions\/236"}],"wp:featuredmedia":[{"embeddable":true,"href":"https:\/\/karolinamudlo-glagolska.pl\/index.php?rest_route=\/wp\/v2\/media\/207"}],"wp:attachment":[{"href":"https:\/\/karolinamudlo-glagolska.pl\/index.php?rest_route=%2Fwp%2Fv2%2Fmedia&parent=193"}],"curies":[{"name":"wp","href":"https:\/\/api.w.org\/{rel}","templated":true}]}}