{"id":75,"date":"2023-11-06T14:09:00","date_gmt":"2023-11-06T13:09:00","guid":{"rendered":"https:\/\/karolinamudlo-glagolska.pl\/?page_id=75"},"modified":"2024-04-30T15:50:09","modified_gmt":"2024-04-30T13:50:09","slug":"umow-wizyte","status":"publish","type":"page","link":"https:\/\/karolinamudlo-glagolska.pl\/?page_id=75","title":{"rendered":"Um\u00f3w wizyt\u0119"},"content":{"rendered":"\n<p class=\"has-small-font-size\">W celu um\u00f3wienia wizyty prosz\u0119 o kontakt pod numerem telefonu: <strong>535 45 45 16<\/strong>. Podczas tej rozmowy om\u00f3wimy szczeg\u00f3\u0142y spotkania. B\u0119dzie mia\u0142a ona tak\u017ce na celu wskazanie obszaru trudno\u015bci, nad kt\u00f3rym chcecie Pa\u0144stwo pracowa\u0107. &nbsp;<\/p>\n\n\n\n<p class=\"has-small-font-size\">W celu odwo\u0142ania wizyty prosz\u0119 o kontakt telefoniczny lub poprzez wiadomo\u015b\u0107 najp\u00f3\u017aniej do 24 godzin przed zaplanowan\u0105 godzin\u0105 spotkania. Wizyta nieodwo\u0142ana lub odwo\u0142ana po wskazanym terminie traktowana jest jako pe\u0142nop\u0142atna. W\u00f3wczas p\u0142atno\u015b\u0107 za ni\u0105 nale\u017cy ui\u015bci\u0107 przed kolejnym spotkaniem.<\/p>\n\n\n\n<p><strong>CENNIK<\/strong> <strong>WIZYT<\/strong><\/p>\n\n\n\n<p><strong>Dla Nastolatk\u00f3w (od 10 roku \u017cycia)<\/strong><\/p>\n\n\n\n<figure class=\"wp-block-table\"><table><tbody><tr><td>    Pierwsza wizyta<\/td><td> 200 PLN<\/td><td class=\"has-text-align-center\" data-align=\"center\">60 min<\/td><\/tr><tr><td>    Nast\u0119pne wizyta<\/td><td> 170 PLN<\/td><td class=\"has-text-align-center\" data-align=\"center\">50 min<\/td><\/tr><\/tbody><\/table><\/figure>\n\n\n\n<p><strong>Dla Doros\u0142ych<\/strong><\/p>\n\n\n\n<figure class=\"wp-block-table\"><table><tbody><tr><td>    Pierwsza wizyta<\/td><td> 200 PLN<\/td><td class=\"has-text-align-center\" data-align=\"center\">60 min<\/td><\/tr><tr><td>    Nast\u0119pne wizyta<\/td><td> 170 PLN<\/td><td class=\"has-text-align-center\" data-align=\"center\">50 min<\/td><\/tr><\/tbody><\/table><\/figure>\n\n\n\n<p><strong>Dla Par<\/strong><\/p>\n\n\n\n<figure class=\"wp-block-table\"><table><tbody><tr><td>    Pierwsza wizyta<\/td><td>250 PLN<\/td><td class=\"has-text-align-center\" data-align=\"center\">90 min<\/td><\/tr><tr><td>    Nast\u0119pne wizyta<\/td><td>200 PLN<\/td><td class=\"has-text-align-center\" data-align=\"center\">60 min<\/td><\/tr><\/tbody><\/table><\/figure>\n\n\n\n<p><strong>Dla Studenta<\/strong> &#8211; Konsultacja metodologiczno-statystyczna <\/p>\n\n\n\n<figure class=\"wp-block-table\"><table><tbody><tr><td>    Konsultacja 1:1<\/td><td>300 PLN<\/td><td class=\"has-text-align-center\" data-align=\"center\">60 min<\/td><\/tr><tr><td>    Konsultacja 1:1<\/td><td>400 PLN<\/td><td class=\"has-text-align-center\" data-align=\"center\">90 min<\/td><\/tr><\/tbody><\/table><\/figure>\n\n\n\n<p><strong>Terapia grupowa<\/strong><\/p>\n\n\n\n<figure class=\"wp-block-table\"><table><tbody><tr><td>Grupa do 12 os.<\/td><td>100 PLN <\/td><td class=\"has-text-align-center\" data-align=\"center\">90 min<\/td><\/tr><\/tbody><\/table><\/figure>\n\n\n\n<p><strong>Konsultacja + wydanie specjalistycznej opinii<\/strong><\/p>\n\n\n\n<figure class=\"wp-block-table\"><table><tbody><tr><td>Konsultacja <\/td><td>300 PLN<\/td><td class=\"has-text-align-center\" data-align=\"center\">60 min<\/td><\/tr><tr><td>Konsultacja <\/td><td>400 PLN<\/td><td class=\"has-text-align-center\" data-align=\"center\">90 min<\/td><\/tr><\/tbody><\/table><\/figure>\n\n\n\n<p class=\"has-small-font-size\"><strong>Odwo\u0142anie wizyty na mniej ni\u017c 24h przed rozpocz\u0119ciem wi\u0105\u017ce si\u0119 z zap\u0142at\u0105 100% koszt\u00f3w wizyty.<\/strong><\/p>\n\n\n\n<figure class=\"wp-block-image size-large\"><a href=\"https:\/\/akademiaspokojuzycia.pl\/\" target=\"_blank\" rel=\"noreferrer noopener\"><img fetchpriority=\"high\" decoding=\"async\" width=\"1024\" height=\"145\" src=\"https:\/\/karolinamudlo-glagolska.pl\/wp-content\/uploads\/2024\/04\/ADRES-1024x145.png\" alt=\"\" class=\"wp-image-226\" srcset=\"https:\/\/karolinamudlo-glagolska.pl\/wp-content\/uploads\/2024\/04\/ADRES-1024x145.png 1024w, https:\/\/karolinamudlo-glagolska.pl\/wp-content\/uploads\/2024\/04\/ADRES-300x42.png 300w, https:\/\/karolinamudlo-glagolska.pl\/wp-content\/uploads\/2024\/04\/ADRES-768x109.png 768w, https:\/\/karolinamudlo-glagolska.pl\/wp-content\/uploads\/2024\/04\/ADRES-1536x217.png 1536w, https:\/\/karolinamudlo-glagolska.pl\/wp-content\/uploads\/2024\/04\/ADRES-2048x290.png 2048w\" sizes=\"(max-width: 767px) 89vw, (max-width: 1000px) 54vw, (max-width: 1071px) 543px, 580px\" \/><\/a><\/figure>\n","protected":false},"excerpt":{"rendered":"<p>W celu um\u00f3wienia wizyty prosz\u0119 o kontakt pod numerem telefonu: 535 45 45 16. Podczas tej rozmowy om\u00f3wimy szczeg\u00f3\u0142y spotkania. B\u0119dzie mia\u0142a ona tak\u017ce na celu wskazanie obszaru trudno\u015bci, nad kt\u00f3rym chcecie Pa\u0144stwo pracowa\u0107. &nbsp; W celu odwo\u0142ania wizyty prosz\u0119 o kontakt telefoniczny lub poprzez wiadomo\u015b\u0107 najp\u00f3\u017aniej do 24 godzin przed zaplanowan\u0105 godzin\u0105 spotkania. Wizyta &hellip; <\/p>\n<p class=\"link-more\"><a href=\"https:\/\/karolinamudlo-glagolska.pl\/?page_id=75\" class=\"more-link\">Continue reading<span class=\"screen-reader-text\"> &#8220;Um\u00f3w wizyt\u0119&#8221;<\/span><\/a><\/p>\n","protected":false},"author":1,"featured_media":83,"parent":0,"menu_order":0,"comment_status":"closed","ping_status":"closed","template":"","meta":{"footnotes":""},"class_list":["post-75","page","type-page","status-publish","has-post-thumbnail","hentry"],"yoast_head":"<!-- This site is optimized with the Yoast SEO plugin v21.5 - https:\/\/yoast.com\/wordpress\/plugins\/seo\/ -->\n<title>psycholog z\u0142ot\u00f3w https:\/\/karolinamudlo-glagolska.pl\/<\/title>\n<meta name=\"description\" content=\"W celu um\u00f3wienia wizyty prosz\u0119 o kontakt pod numerem telefonu: 535 45 45 16\" \/>\n<meta name=\"robots\" content=\"index, follow, max-snippet:-1, max-image-preview:large, max-video-preview:-1\" \/>\n<link rel=\"canonical\" href=\"https:\/\/karolinamudlo-glagolska.pl\/?page_id=75\" \/>\n<meta property=\"og:locale\" content=\"en_US\" \/>\n<meta property=\"og:type\" content=\"article\" \/>\n<meta property=\"og:title\" content=\"psycholog z\u0142ot\u00f3w https:\/\/karolinamudlo-glagolska.pl\/\" \/>\n<meta property=\"og:description\" content=\"W celu um\u00f3wienia wizyty prosz\u0119 o kontakt pod numerem telefonu: 535 45 45 16\" \/>\n<meta property=\"og:url\" content=\"https:\/\/karolinamudlo-glagolska.pl\/?page_id=75\" \/>\n<meta property=\"article:modified_time\" content=\"2024-04-30T13:50:09+00:00\" \/>\n<meta property=\"og:image\" content=\"https:\/\/karolinamudlo-glagolska.pl\/wp-content\/uploads\/2023\/11\/kontakt.png\" \/>\n\t<meta property=\"og:image:width\" content=\"1920\" \/>\n\t<meta property=\"og:image:height\" content=\"783\" \/>\n\t<meta property=\"og:image:type\" content=\"image\/png\" \/>\n<meta name=\"twitter:card\" content=\"summary_large_image\" \/>\n<meta name=\"twitter:label1\" content=\"Est. reading time\" \/>\n\t<meta name=\"twitter:data1\" content=\"2 minutes\" \/>\n<script type=\"application\/ld+json\" class=\"yoast-schema-graph\">{\"@context\":\"https:\/\/schema.org\",\"@graph\":[{\"@type\":\"WebPage\",\"@id\":\"https:\/\/karolinamudlo-glagolska.pl\/?page_id=75\",\"url\":\"https:\/\/karolinamudlo-glagolska.pl\/?page_id=75\",\"name\":\"psycholog z\u0142ot\u00f3w https:\/\/karolinamudlo-glagolska.pl\/\",\"isPartOf\":{\"@id\":\"https:\/\/karolinamudlo-glagolska.pl\/#website\"},\"datePublished\":\"2023-11-06T13:09:00+00:00\",\"dateModified\":\"2024-04-30T13:50:09+00:00\",\"description\":\"W celu um\u00f3wienia wizyty prosz\u0119 o kontakt pod numerem telefonu: 535 45 45 16\",\"breadcrumb\":{\"@id\":\"https:\/\/karolinamudlo-glagolska.pl\/?page_id=75#breadcrumb\"},\"inLanguage\":\"en-US\",\"potentialAction\":[{\"@type\":\"ReadAction\",\"target\":[\"https:\/\/karolinamudlo-glagolska.pl\/?page_id=75\"]}]},{\"@type\":\"BreadcrumbList\",\"@id\":\"https:\/\/karolinamudlo-glagolska.pl\/?page_id=75#breadcrumb\",\"itemListElement\":[{\"@type\":\"ListItem\",\"position\":1,\"name\":\"Home\",\"item\":\"https:\/\/karolinamudlo-glagolska.pl\/\"},{\"@type\":\"ListItem\",\"position\":2,\"name\":\"Um\u00f3w wizyt\u0119\"}]},{\"@type\":\"WebSite\",\"@id\":\"https:\/\/karolinamudlo-glagolska.pl\/#website\",\"url\":\"https:\/\/karolinamudlo-glagolska.pl\/\",\"name\":\"\",\"description\":\"\",\"potentialAction\":[{\"@type\":\"SearchAction\",\"target\":{\"@type\":\"EntryPoint\",\"urlTemplate\":\"https:\/\/karolinamudlo-glagolska.pl\/?s={search_term_string}\"},\"query-input\":\"required name=search_term_string\"}],\"inLanguage\":\"en-US\"}]}<\/script>\n<!-- \/ Yoast SEO plugin. -->","yoast_head_json":{"title":"psycholog z\u0142ot\u00f3w https:\/\/karolinamudlo-glagolska.pl\/","description":"W celu um\u00f3wienia wizyty prosz\u0119 o kontakt pod numerem telefonu: 535 45 45 16","robots":{"index":"index","follow":"follow","max-snippet":"max-snippet:-1","max-image-preview":"max-image-preview:large","max-video-preview":"max-video-preview:-1"},"canonical":"https:\/\/karolinamudlo-glagolska.pl\/?page_id=75","og_locale":"en_US","og_type":"article","og_title":"psycholog z\u0142ot\u00f3w https:\/\/karolinamudlo-glagolska.pl\/","og_description":"W celu um\u00f3wienia wizyty prosz\u0119 o kontakt pod numerem telefonu: 535 45 45 16","og_url":"https:\/\/karolinamudlo-glagolska.pl\/?page_id=75","article_modified_time":"2024-04-30T13:50:09+00:00","og_image":[{"width":1920,"height":783,"url":"https:\/\/karolinamudlo-glagolska.pl\/wp-content\/uploads\/2023\/11\/kontakt.png","type":"image\/png"}],"twitter_card":"summary_large_image","twitter_misc":{"Est. reading time":"2 minutes"},"schema":{"@context":"https:\/\/schema.org","@graph":[{"@type":"WebPage","@id":"https:\/\/karolinamudlo-glagolska.pl\/?page_id=75","url":"https:\/\/karolinamudlo-glagolska.pl\/?page_id=75","name":"psycholog z\u0142ot\u00f3w https:\/\/karolinamudlo-glagolska.pl\/","isPartOf":{"@id":"https:\/\/karolinamudlo-glagolska.pl\/#website"},"datePublished":"2023-11-06T13:09:00+00:00","dateModified":"2024-04-30T13:50:09+00:00","description":"W celu um\u00f3wienia wizyty prosz\u0119 o kontakt pod numerem telefonu: 535 45 45 16","breadcrumb":{"@id":"https:\/\/karolinamudlo-glagolska.pl\/?page_id=75#breadcrumb"},"inLanguage":"en-US","potentialAction":[{"@type":"ReadAction","target":["https:\/\/karolinamudlo-glagolska.pl\/?page_id=75"]}]},{"@type":"BreadcrumbList","@id":"https:\/\/karolinamudlo-glagolska.pl\/?page_id=75#breadcrumb","itemListElement":[{"@type":"ListItem","position":1,"name":"Home","item":"https:\/\/karolinamudlo-glagolska.pl\/"},{"@type":"ListItem","position":2,"name":"Um\u00f3w wizyt\u0119"}]},{"@type":"WebSite","@id":"https:\/\/karolinamudlo-glagolska.pl\/#website","url":"https:\/\/karolinamudlo-glagolska.pl\/","name":"","description":"","potentialAction":[{"@type":"SearchAction","target":{"@type":"EntryPoint","urlTemplate":"https:\/\/karolinamudlo-glagolska.pl\/?s={search_term_string}"},"query-input":"required name=search_term_string"}],"inLanguage":"en-US"}]}},"_links":{"self":[{"href":"https:\/\/karolinamudlo-glagolska.pl\/index.php?rest_route=\/wp\/v2\/pages\/75","targetHints":{"allow":["GET"]}}],"collection":[{"href":"https:\/\/karolinamudlo-glagolska.pl\/index.php?rest_route=\/wp\/v2\/pages"}],"about":[{"href":"https:\/\/karolinamudlo-glagolska.pl\/index.php?rest_route=\/wp\/v2\/types\/page"}],"author":[{"embeddable":true,"href":"https:\/\/karolinamudlo-glagolska.pl\/index.php?rest_route=\/wp\/v2\/users\/1"}],"replies":[{"embeddable":true,"href":"https:\/\/karolinamudlo-glagolska.pl\/index.php?rest_route=%2Fwp%2Fv2%2Fcomments&post=75"}],"version-history":[{"count":6,"href":"https:\/\/karolinamudlo-glagolska.pl\/index.php?rest_route=\/wp\/v2\/pages\/75\/revisions"}],"predecessor-version":[{"id":238,"href":"https:\/\/karolinamudlo-glagolska.pl\/index.php?rest_route=\/wp\/v2\/pages\/75\/revisions\/238"}],"wp:featuredmedia":[{"embeddable":true,"href":"https:\/\/karolinamudlo-glagolska.pl\/index.php?rest_route=\/wp\/v2\/media\/83"}],"wp:attachment":[{"href":"https:\/\/karolinamudlo-glagolska.pl\/index.php?rest_route=%2Fwp%2Fv2%2Fmedia&parent=75"}],"curies":[{"name":"wp","href":"https:\/\/api.w.org\/{rel}","templated":true}]}}